{"id":82,"date":"2025-10-15T20:45:34","date_gmt":"2025-10-15T20:45:34","guid":{"rendered":"https:\/\/cerkezkoyalfakoltukyikama.com.tr\/?page_id=82"},"modified":"2025-10-15T22:30:31","modified_gmt":"2025-10-15T22:30:31","slug":"hakkimizda","status":"publish","type":"page","link":"https:\/\/cerkezkoyalfakoltukyikama.com.tr\/index.php\/hakkimizda\/","title":{"rendered":"Hakk\u0131m\u0131zda"},"content":{"rendered":"<div data-colibri-id=\"82-c1\" class=\"style-224 style-local-82-c1 position-relative\">\n  <!---->\n  <div data-colibri-component=\"section\" data-colibri-id=\"82-c36\" id=\"features\" class=\"h-section h-section-global-spacing d-flex align-items-lg-center align-items-md-center align-items-center style-282 style-local-82-c36 position-relative\">\n    <!---->\n    <!---->\n    <div class=\"h-section-grid-container h-section-boxed-container\">\n      <div data-colibri-id=\"82-c66\" class=\"h-row-container gutters-row-lg-2 gutters-row-md-2 gutters-row-0 gutters-row-v-lg-2 gutters-row-v-md-2 gutters-row-v-2 style-291 style-local-82-c66 position-relative\">\n        <!---->\n        <div class=\"h-row justify-content-lg-center justify-content-md-center justify-content-center align-items-lg-stretch align-items-md-stretch align-items-stretch gutters-col-lg-2 gutters-col-md-2 gutters-col-0 gutters-col-v-lg-2 gutters-col-v-md-2 gutters-col-v-2\">\n          <!---->\n          <div class=\"h-column h-column-container d-flex h-col-lg-auto h-col-md-auto h-col-auto style-292-outer style-local-82-c67-outer\">\n            <div data-colibri-id=\"82-c67\" class=\"d-flex h-flex-basis h-column__inner h-px-lg-2 h-px-md-2 h-px-2 v-inner-lg-2 v-inner-md-2 v-inner-2 style-292 style-local-82-c67 position-relative\">\n              <!---->\n              <!---->\n              <div class=\"w-100 h-y-container h-column__content h-column__v-align flex-basis-100 align-self-lg-start align-self-md-start align-self-start\">\n                <!---->\n                <div data-colibri-id=\"82-c68\" class=\"h-global-transition-all h-heading style-293 style-local-82-c68 position-relative h-element\">\n                  <!---->\n                  <div class=\"h-heading__outer style-293 style-local-82-c68\">\n                    <!---->\n                    <!---->\n                    <h2 class=\"\">Hakk\u0131m\u0131zda<\/h2>\n                  <\/div>\n                <\/div>\n                <div data-colibri-id=\"82-c69\" class=\"h-lead h-text h-text-component style-294 style-local-82-c69 position-relative h-element\">\n                  <!---->\n                  <!---->\n                  <div class=\"\">\n                    <p>\u00c7erkezk\u00f6y Alfa Koltuk Y\u0131kama olarak, y\u0131llard\u0131r <strong>profesyonel temizlik hizmeti<\/strong> alan\u0131nda faaliyet g\u00f6stermekteyiz. Amac\u0131m\u0131z; evinizde, ofisinizde veya arac\u0131n\u0131zda bulunan koltuk, yatak, hal\u0131 ve d\u00f6\u015femeli y\u00fczeyleri <strong>derinlemesine temizleyerek hijyen ve konforu yeniden kazand\u0131rmakt\u0131r.<\/strong><\/p>\n                    <p>Alan\u0131nda deneyimli ekibimiz, modern ekipmanlar ve \u00f6zel temizlik \u00e7\u00f6z\u00fcmleriyle her kuma\u015f t\u00fcr\u00fcne uygun temizlik y\u00f6ntemleri uygular. Bu sayede, y\u00fczeydeki kirleri, derinlemesine yerle\u015fmi\u015f lekeleri ve g\u00f6zle g\u00f6r\u00fclmeyen bakterileri tamamen\n                      ortadan kald\u0131r\u0131yoruz.<\/p>\n                    <p><strong>\u00c7erkezk\u00f6y, \u00c7orlu, Kapakl\u0131 ve Silivri<\/strong> b\u00f6lgelerinde hizmet vererek, m\u00fc\u015fterilerimize h\u0131zl\u0131, g\u00fcvenilir ve yerinde y\u0131kama hizmeti sunuyoruz. M\u00fc\u015fteri memnuniyeti bizim i\u00e7in \u00f6nceliktir; her i\u015flem sonunda koltuklar\u0131n\u0131z\u0131n ilk\n                      g\u00fcnk\u00fc temizli\u011fine kavu\u015fmas\u0131, bizim en b\u00fcy\u00fck ba\u015far\u0131m\u0131zd\u0131r.<\/p>\n                    <p>Kaliteli hizmet, g\u00fcler y\u00fczl\u00fc ileti\u015fim ve hijyenik sonu\u00e7lar i\u00e7in <strong>Alfa Koltuk Y\u0131kama<\/strong> her zaman yan\u0131n\u0131zda!<\/p>\n                  <\/div>\n                <\/div>\n              <\/div>\n            <\/div>\n          <\/div>\n        <\/div>\n      <\/div>\n      <div data-colibri-id=\"82-c37\" class=\"h-row-container gutters-row-lg-1 gutters-row-md-1 gutters-row-2 gutters-row-v-lg-1 gutters-row-v-md-1 gutters-row-v-2 style-283 style-local-82-c37 position-relative\">\n        <!---->\n        <div class=\"h-row justify-content-lg-center justify-content-md-center justify-content-center align-items-lg-stretch align-items-md-stretch align-items-stretch gutters-col-lg-1 gutters-col-md-1 gutters-col-2 gutters-col-v-lg-1 gutters-col-v-md-1 gutters-col-v-2\">\n          <!---->\n          <div class=\"h-column h-column-container d-flex h-col-lg-6 h-col-md-6 h-col-12 style-284-outer style-local-82-c45-outer\">\n            <div data-colibri-id=\"82-c45\" class=\"d-flex h-flex-basis h-column__inner h-ui-empty-state-container h-px-lg-0 h-px-md-0 h-px-0 v-inner-lg-0 v-inner-md-0 v-inner-2 style-284 style-local-82-c45 position-relative\">\n              <!---->\n              <!---->\n              <div class=\"w-100 h-y-container h-column__content h-column__v-align flex-basis-100\">\n                <!---->\n              <\/div>\n            <\/div>\n          <\/div>\n        <\/div>\n      <\/div>\n    <\/div>\n  <\/div>\n<\/div>","protected":false},"excerpt":{"rendered":"<p>Hakk\u0131m\u0131zda \u00c7erkezk\u00f6y Alfa Koltuk Y\u0131kama olarak, y\u0131llard\u0131r profesyonel temizlik hizmeti alan\u0131nda faaliyet g\u00f6stermekteyiz. Amac\u0131m\u0131z; evinizde, ofisinizde veya arac\u0131n\u0131zda bulunan koltuk, yatak, hal\u0131 ve d\u00f6\u015femeli y\u00fczeyleri derinlemesine temizleyerek hijyen ve konforu yeniden kazand\u0131rmakt\u0131r. Alan\u0131nda deneyimli ekibimiz, modern ekipmanlar ve \u00f6zel temizlik \u00e7\u00f6z\u00fcmleriyle her kuma\u015f t\u00fcr\u00fcne uygun temizlik y\u00f6ntemleri uygular. Bu sayede, y\u00fczeydeki kirleri, derinlemesine yerle\u015fmi\u015f lekeleri [&hellip;]<\/p>\n","protected":false},"author":2,"featured_media":0,"parent":0,"menu_order":0,"comment_status":"closed","ping_status":"closed","template":"page-templates\/full-width-page.php","meta":{"footnotes":""},"class_list":["post-82","page","type-page","status-publish","hentry"],"_links":{"self":[{"href":"https:\/\/cerkezkoyalfakoltukyikama.com.tr\/index.php\/wp-json\/wp\/v2\/pages\/82","targetHints":{"allow":["GET"]}}],"collection":[{"href":"https:\/\/cerkezkoyalfakoltukyikama.com.tr\/index.php\/wp-json\/wp\/v2\/pages"}],"about":[{"href":"https:\/\/cerkezkoyalfakoltukyikama.com.tr\/index.php\/wp-json\/wp\/v2\/types\/page"}],"author":[{"embeddable":true,"href":"https:\/\/cerkezkoyalfakoltukyikama.com.tr\/index.php\/wp-json\/wp\/v2\/users\/2"}],"replies":[{"embeddable":true,"href":"https:\/\/cerkezkoyalfakoltukyikama.com.tr\/index.php\/wp-json\/wp\/v2\/comments?post=82"}],"version-history":[{"count":4,"href":"https:\/\/cerkezkoyalfakoltukyikama.com.tr\/index.php\/wp-json\/wp\/v2\/pages\/82\/revisions"}],"predecessor-version":[{"id":163,"href":"https:\/\/cerkezkoyalfakoltukyikama.com.tr\/index.php\/wp-json\/wp\/v2\/pages\/82\/revisions\/163"}],"wp:attachment":[{"href":"https:\/\/cerkezkoyalfakoltukyikama.com.tr\/index.php\/wp-json\/wp\/v2\/media?parent=82"}],"curies":[{"name":"wp","href":"https:\/\/api.w.org\/{rel}","templated":true}]}}